{"id":5407,"date":"2026-03-30T12:32:56","date_gmt":"2026-03-30T12:32:56","guid":{"rendered":"https:\/\/www.ajedrezpaisanfernando.com\/blog\/?page_id=5407"},"modified":"2026-03-30T12:32:56","modified_gmt":"2026-03-30T12:32:56","slug":"inicio-2","status":"publish","type":"page","link":"http:\/\/www.ajedrezpaisanfernando.com\/blog\/?page_id=5407","title":{"rendered":"INICIO"},"content":{"rendered":"","protected":false},"excerpt":{"rendered":"","protected":false},"author":1,"featured_media":0,"parent":0,"menu_order":0,"comment_status":"closed","ping_status":"closed","template":"","meta":{"_kadence_starter_templates_imported_post":false,"_kad_post_transparent":"","_kad_post_title":"hide","_kad_post_layout":"fullwidth","_kad_post_sidebar_id":"","_kad_post_content_style":"unboxed","_kad_post_vertical_padding":"hide","_kad_post_feature":"hide","_kad_post_feature_position":"","_kad_post_header":false,"_kad_post_footer":false,"_kad_post_classname":"","footnotes":""},"class_list":["post-5407","page","type-page","status-publish","hentry"],"yoast_head":"<!-- This site is optimized with the Yoast SEO plugin v15.4 - https:\/\/yoast.com\/wordpress\/plugins\/seo\/ -->\n<title>INICIO - Pe\u00f1a Ajedrec\u00edstica Isle\u00f1a<\/title>\n<meta name=\"robots\" content=\"index, follow, max-snippet:-1, max-image-preview:large, max-video-preview:-1\" \/>\n<link rel=\"canonical\" href=\"http:\/\/www.ajedrezpaisanfernando.com\/blog\/?page_id=5407\" \/>\n<meta property=\"og:locale\" content=\"es_ES\" \/>\n<meta property=\"og:type\" content=\"article\" \/>\n<meta property=\"og:title\" content=\"INICIO - Pe\u00f1a Ajedrec\u00edstica Isle\u00f1a\" \/>\n<meta property=\"og:url\" content=\"http:\/\/www.ajedrezpaisanfernando.com\/blog\/?page_id=5407\" \/>\n<meta property=\"og:site_name\" content=\"Pe\u00f1a Ajedrec\u00edstica Isle\u00f1a\" \/>\n<meta property=\"article:publisher\" content=\"https:\/\/www.facebook.com\/penaajedrecisticaislena.pai\" \/>\n<meta name=\"twitter:card\" content=\"summary_large_image\" \/>\n<meta name=\"twitter:label1\" content=\"Escrito por\">\n\t<meta name=\"twitter:data1\" content=\"Alfonso Cu\u00e9llar\">\n<script type=\"application\/ld+json\" class=\"yoast-schema-graph\">{\"@context\":\"https:\/\/schema.org\",\"@graph\":[{\"@type\":\"Organization\",\"@id\":\"http:\/\/www.ajedrezpaisanfernando.com\/blog\/#organization\",\"name\":\"Pe\\u00f1a Ajedrec\\u00edstica Isle\\u00f1a\",\"url\":\"http:\/\/www.ajedrezpaisanfernando.com\/blog\/\",\"sameAs\":[\"https:\/\/www.facebook.com\/penaajedrecisticaislena.pai\"],\"logo\":{\"@type\":\"ImageObject\",\"@id\":\"http:\/\/www.ajedrezpaisanfernando.com\/blog\/#logo\",\"inLanguage\":\"es\",\"url\":\"http:\/\/www.ajedrezpaisanfernando.com\/blog\/wp-content\/uploads\/2021\/11\/Logo-Pai-escudo-1.jpg\",\"width\":880,\"height\":1024,\"caption\":\"Pe\\u00f1a Ajedrec\\u00edstica Isle\\u00f1a\"},\"image\":{\"@id\":\"http:\/\/www.ajedrezpaisanfernando.com\/blog\/#logo\"}},{\"@type\":\"WebSite\",\"@id\":\"http:\/\/www.ajedrezpaisanfernando.com\/blog\/#website\",\"url\":\"http:\/\/www.ajedrezpaisanfernando.com\/blog\/\",\"name\":\"Pe\\u00f1a Ajedrec\\u00edstica Isle\\u00f1a\",\"description\":\"San Fernando (C\\u00e1diz)  - chessanfernando@gmail.com - Tfno: 646.55.07.18\",\"publisher\":{\"@id\":\"http:\/\/www.ajedrezpaisanfernando.com\/blog\/#organization\"},\"potentialAction\":[{\"@type\":\"SearchAction\",\"target\":\"http:\/\/www.ajedrezpaisanfernando.com\/blog\/?s={search_term_string}\",\"query-input\":\"required name=search_term_string\"}],\"inLanguage\":\"es\"},{\"@type\":\"WebPage\",\"@id\":\"http:\/\/www.ajedrezpaisanfernando.com\/blog\/?page_id=5407#webpage\",\"url\":\"http:\/\/www.ajedrezpaisanfernando.com\/blog\/?page_id=5407\",\"name\":\"INICIO - Pe\\u00f1a Ajedrec\\u00edstica Isle\\u00f1a\",\"isPartOf\":{\"@id\":\"http:\/\/www.ajedrezpaisanfernando.com\/blog\/#website\"},\"datePublished\":\"2026-03-30T12:32:56+00:00\",\"dateModified\":\"2026-03-30T12:32:56+00:00\",\"inLanguage\":\"es\",\"potentialAction\":[{\"@type\":\"ReadAction\",\"target\":[\"http:\/\/www.ajedrezpaisanfernando.com\/blog\/?page_id=5407\"]}]}]}<\/script>\n<!-- \/ Yoast SEO plugin. -->","_links":{"self":[{"href":"http:\/\/www.ajedrezpaisanfernando.com\/blog\/index.php?rest_route=\/wp\/v2\/pages\/5407","targetHints":{"allow":["GET"]}}],"collection":[{"href":"http:\/\/www.ajedrezpaisanfernando.com\/blog\/index.php?rest_route=\/wp\/v2\/pages"}],"about":[{"href":"http:\/\/www.ajedrezpaisanfernando.com\/blog\/index.php?rest_route=\/wp\/v2\/types\/page"}],"author":[{"embeddable":true,"href":"http:\/\/www.ajedrezpaisanfernando.com\/blog\/index.php?rest_route=\/wp\/v2\/users\/1"}],"replies":[{"embeddable":true,"href":"http:\/\/www.ajedrezpaisanfernando.com\/blog\/index.php?rest_route=%2Fwp%2Fv2%2Fcomments&post=5407"}],"version-history":[{"count":2,"href":"http:\/\/www.ajedrezpaisanfernando.com\/blog\/index.php?rest_route=\/wp\/v2\/pages\/5407\/revisions"}],"predecessor-version":[{"id":5424,"href":"http:\/\/www.ajedrezpaisanfernando.com\/blog\/index.php?rest_route=\/wp\/v2\/pages\/5407\/revisions\/5424"}],"wp:attachment":[{"href":"http:\/\/www.ajedrezpaisanfernando.com\/blog\/index.php?rest_route=%2Fwp%2Fv2%2Fmedia&parent=5407"}],"curies":[{"name":"wp","href":"https:\/\/api.w.org\/{rel}","templated":true}]}}