{"id":1131,"date":"2015-09-03T14:29:45","date_gmt":"2015-09-03T14:29:45","guid":{"rendered":"http:\/\/www.ajedrezpaisanfernando.com\/blog\/\/?page_id=1131"},"modified":"2017-09-03T16:05:03","modified_gmt":"2017-09-03T16:05:03","slug":"inicio","status":"publish","type":"page","link":"http:\/\/www.ajedrezpaisanfernando.com\/blog\/?page_id=1131","title":{"rendered":"CALENDARIO TORNEOS"},"content":{"rendered":"<p><iframe src=\"https:\/\/calendar.google.com\/calendar\/embed?height=600&amp;wkst=2&amp;bgcolor=%2399ff99&amp;src=ajedrezsanfernandopai%40gmail.com&amp;color=%231B887A&amp;ctz=Europe%2FMadrid\" style=\"border-width:0\" width=\"800\" height=\"600\" frameborder=\"0\" scrolling=\"no\"><\/iframe><\/p>\n","protected":false},"excerpt":{"rendered":"","protected":false},"author":1,"featured_media":0,"parent":0,"menu_order":0,"comment_status":"open","ping_status":"closed","template":"","meta":{"_kadence_starter_templates_imported_post":false,"_kad_post_transparent":"","_kad_post_title":"","_kad_post_layout":"","_kad_post_sidebar_id":"","_kad_post_content_style":"","_kad_post_vertical_padding":"","_kad_post_feature":"","_kad_post_feature_position":"","_kad_post_header":false,"_kad_post_footer":false,"_kad_post_classname":"","footnotes":""},"class_list":["post-1131","page","type-page","status-publish","hentry"],"yoast_head":"<!-- This site is optimized with the Yoast SEO plugin v15.4 - https:\/\/yoast.com\/wordpress\/plugins\/seo\/ -->\n<title>CALENDARIO TORNEOS - Pe\u00f1a Ajedrec\u00edstica Isle\u00f1a<\/title>\n<meta name=\"robots\" content=\"index, follow, max-snippet:-1, max-image-preview:large, max-video-preview:-1\" \/>\n<link rel=\"canonical\" href=\"http:\/\/www.ajedrezpaisanfernando.com\/blog\/?page_id=1131\" \/>\n<meta property=\"og:locale\" content=\"es_ES\" \/>\n<meta property=\"og:type\" content=\"article\" \/>\n<meta property=\"og:title\" content=\"CALENDARIO TORNEOS - Pe\u00f1a Ajedrec\u00edstica Isle\u00f1a\" \/>\n<meta property=\"og:url\" content=\"http:\/\/www.ajedrezpaisanfernando.com\/blog\/?page_id=1131\" \/>\n<meta property=\"og:site_name\" content=\"Pe\u00f1a Ajedrec\u00edstica Isle\u00f1a\" \/>\n<meta property=\"article:publisher\" content=\"https:\/\/www.facebook.com\/penaajedrecisticaislena.pai\" \/>\n<meta property=\"article:modified_time\" content=\"2017-09-03T16:05:03+00:00\" \/>\n<meta name=\"twitter:card\" content=\"summary_large_image\" \/>\n<meta name=\"twitter:label1\" content=\"Escrito por\">\n\t<meta name=\"twitter:data1\" content=\"Alfonso Cu\u00e9llar\">\n\t<meta name=\"twitter:label2\" content=\"Tiempo de lectura\">\n\t<meta name=\"twitter:data2\" content=\"0 minutos\">\n<script type=\"application\/ld+json\" class=\"yoast-schema-graph\">{\"@context\":\"https:\/\/schema.org\",\"@graph\":[{\"@type\":\"Organization\",\"@id\":\"http:\/\/www.ajedrezpaisanfernando.com\/blog\/#organization\",\"name\":\"Pe\\u00f1a Ajedrec\\u00edstica Isle\\u00f1a\",\"url\":\"http:\/\/www.ajedrezpaisanfernando.com\/blog\/\",\"sameAs\":[\"https:\/\/www.facebook.com\/penaajedrecisticaislena.pai\"],\"logo\":{\"@type\":\"ImageObject\",\"@id\":\"http:\/\/www.ajedrezpaisanfernando.com\/blog\/#logo\",\"inLanguage\":\"es\",\"url\":\"http:\/\/www.ajedrezpaisanfernando.com\/blog\/wp-content\/uploads\/2021\/11\/Logo-Pai-escudo-1.jpg\",\"width\":880,\"height\":1024,\"caption\":\"Pe\\u00f1a Ajedrec\\u00edstica Isle\\u00f1a\"},\"image\":{\"@id\":\"http:\/\/www.ajedrezpaisanfernando.com\/blog\/#logo\"}},{\"@type\":\"WebSite\",\"@id\":\"http:\/\/www.ajedrezpaisanfernando.com\/blog\/#website\",\"url\":\"http:\/\/www.ajedrezpaisanfernando.com\/blog\/\",\"name\":\"Pe\\u00f1a Ajedrec\\u00edstica Isle\\u00f1a\",\"description\":\"San Fernando (C\\u00e1diz)  - chessanfernando@gmail.com - Tfno: 646.55.07.18\",\"publisher\":{\"@id\":\"http:\/\/www.ajedrezpaisanfernando.com\/blog\/#organization\"},\"potentialAction\":[{\"@type\":\"SearchAction\",\"target\":\"http:\/\/www.ajedrezpaisanfernando.com\/blog\/?s={search_term_string}\",\"query-input\":\"required name=search_term_string\"}],\"inLanguage\":\"es\"},{\"@type\":\"WebPage\",\"@id\":\"http:\/\/www.ajedrezpaisanfernando.com\/blog\/?page_id=1131#webpage\",\"url\":\"http:\/\/www.ajedrezpaisanfernando.com\/blog\/?page_id=1131\",\"name\":\"CALENDARIO TORNEOS - Pe\\u00f1a Ajedrec\\u00edstica Isle\\u00f1a\",\"isPartOf\":{\"@id\":\"http:\/\/www.ajedrezpaisanfernando.com\/blog\/#website\"},\"datePublished\":\"2015-09-03T14:29:45+00:00\",\"dateModified\":\"2017-09-03T16:05:03+00:00\",\"inLanguage\":\"es\",\"potentialAction\":[{\"@type\":\"ReadAction\",\"target\":[\"http:\/\/www.ajedrezpaisanfernando.com\/blog\/?page_id=1131\"]}]}]}<\/script>\n<!-- \/ Yoast SEO plugin. -->","_links":{"self":[{"href":"http:\/\/www.ajedrezpaisanfernando.com\/blog\/index.php?rest_route=\/wp\/v2\/pages\/1131","targetHints":{"allow":["GET"]}}],"collection":[{"href":"http:\/\/www.ajedrezpaisanfernando.com\/blog\/index.php?rest_route=\/wp\/v2\/pages"}],"about":[{"href":"http:\/\/www.ajedrezpaisanfernando.com\/blog\/index.php?rest_route=\/wp\/v2\/types\/page"}],"author":[{"embeddable":true,"href":"http:\/\/www.ajedrezpaisanfernando.com\/blog\/index.php?rest_route=\/wp\/v2\/users\/1"}],"replies":[{"embeddable":true,"href":"http:\/\/www.ajedrezpaisanfernando.com\/blog\/index.php?rest_route=%2Fwp%2Fv2%2Fcomments&post=1131"}],"version-history":[{"count":20,"href":"http:\/\/www.ajedrezpaisanfernando.com\/blog\/index.php?rest_route=\/wp\/v2\/pages\/1131\/revisions"}],"predecessor-version":[{"id":3849,"href":"http:\/\/www.ajedrezpaisanfernando.com\/blog\/index.php?rest_route=\/wp\/v2\/pages\/1131\/revisions\/3849"}],"wp:attachment":[{"href":"http:\/\/www.ajedrezpaisanfernando.com\/blog\/index.php?rest_route=%2Fwp%2Fv2%2Fmedia&parent=1131"}],"curies":[{"name":"wp","href":"https:\/\/api.w.org\/{rel}","templated":true}]}}